{"id":14,"date":"2026-04-22T11:52:42","date_gmt":"2026-04-22T14:52:42","guid":{"rendered":"https:\/\/scalamandre.letsite.com.br\/?page_id=14"},"modified":"2026-04-23T19:13:14","modified_gmt":"2026-04-23T22:13:14","slug":"profissionais","status":"publish","type":"page","link":"https:\/\/scalamandre.letsite.com.br\/en\/profissionais\/","title":{"rendered":"(PT) Profissionais"},"content":{"rendered":"<p>Decis\u00f5es jur\u00eddicas estrat\u00e9gicas exigem an\u00e1lise respons\u00e1vel.<\/p>","protected":false},"excerpt":{"rendered":"<p>Decis\u00f5es jur\u00eddicas estrat\u00e9gicas exigem an\u00e1lise respons\u00e1vel.<\/p>\n","protected":false},"author":1,"featured_media":0,"parent":0,"menu_order":0,"comment_status":"closed","ping_status":"closed","template":"page-profissionais.php","meta":{"_acf_changed":false,"footnotes":""},"class_list":["post-14","page","type-page","status-publish","hentry"],"acf":[],"_links":{"self":[{"href":"https:\/\/scalamandre.letsite.com.br\/en\/wp-json\/wp\/v2\/pages\/14","targetHints":{"allow":["GET"]}}],"collection":[{"href":"https:\/\/scalamandre.letsite.com.br\/en\/wp-json\/wp\/v2\/pages"}],"about":[{"href":"https:\/\/scalamandre.letsite.com.br\/en\/wp-json\/wp\/v2\/types\/page"}],"author":[{"embeddable":true,"href":"https:\/\/scalamandre.letsite.com.br\/en\/wp-json\/wp\/v2\/users\/1"}],"replies":[{"embeddable":true,"href":"https:\/\/scalamandre.letsite.com.br\/en\/wp-json\/wp\/v2\/comments?post=14"}],"version-history":[{"count":3,"href":"https:\/\/scalamandre.letsite.com.br\/en\/wp-json\/wp\/v2\/pages\/14\/revisions"}],"predecessor-version":[{"id":164,"href":"https:\/\/scalamandre.letsite.com.br\/en\/wp-json\/wp\/v2\/pages\/14\/revisions\/164"}],"wp:attachment":[{"href":"https:\/\/scalamandre.letsite.com.br\/en\/wp-json\/wp\/v2\/media?parent=14"}],"curies":[{"name":"wp","href":"https:\/\/api.w.org\/{rel}","templated":true}]}}